{"id":4230,"date":"2022-09-29T18:16:46","date_gmt":"2022-09-29T16:16:46","guid":{"rendered":"https:\/\/izarnet.org\/mikeldise%C3%B1odigital\/?page_id=4230"},"modified":"2022-09-29T18:48:55","modified_gmt":"2022-09-29T16:48:55","slug":"sugerencias","status":"publish","type":"page","link":"https:\/\/izarnet.org\/mikeldisenodigital\/sugerencias\/","title":{"rendered":"Sugerencias"},"content":{"rendered":"\t\t<div data-elementor-type=\"wp-page\" data-elementor-id=\"4230\" class=\"elementor elementor-4230\">\n\t\t\t\t\t\t<section class=\"elementor-section elementor-top-section elementor-element elementor-element-3d315444 elementor-section-boxed elementor-section-height-default elementor-section-height-default\" data-id=\"3d315444\" data-element_type=\"section\">\n\t\t\t\t\t\t<div class=\"elementor-container elementor-column-gap-default\">\n\t\t\t\t\t<div class=\"elementor-column elementor-col-100 elementor-top-column elementor-element elementor-element-68db5c9\" data-id=\"68db5c9\" data-element_type=\"column\">\n\t\t\t<div class=\"elementor-widget-wrap elementor-element-populated\">\n\t\t\t\t\t\t<div class=\"elementor-element elementor-element-175f9d4e elementor-widget elementor-widget-shortcode\" data-id=\"175f9d4e\" data-element_type=\"widget\" data-widget_type=\"shortcode.default\">\n\t\t\t\t<div class=\"elementor-widget-container\">\n\t\t\t\t\t<div class=\"elementor-shortcode\"><div class=\"idea-factory--wrap\">\n\t\t\t<aside class=\"idea-factory--layout-submit\">\n\n\t\t\t\t<div class=\"idea-factory--submit-left\">\n\n\t\t\t\t\tA\u00f1ade tus sugerencias para mejorar el contenido del Curso, las m\u00e1s votadas entre los alumnos tendr\u00e1n prioridad.\n\t\t\t\t<\/div>\n\n\t\t\t\t<div class=\"idea-factory--submit-right\">\n\n\t\t\t\t\t\n\t\t\t\t\t\t<a href=\"#\" data-toggle=\"idea-factory-modal\" data-target=\".idea-factory-modal\" class=\"idea-factory--button idea-factory-trigger\">Enviar idea<\/a>\n\n\t\t\t\t\t\n\t\t\t\t<\/div>\n\n\t\t\t<\/aside>\n\n\t\t\n\t\t\t<section class=\"idea-factory--layout-main\">\n\t\t\t\tNo se han encontrado ideas. \u00bfPorque no sugieres una?\t\t\t<\/section>\n\n\t\t\t\n\t\t<\/div>\n\n\t\t\n\t\t\t<div class=\"fade idea-factory-modal\" tabindex=\"-1\">\n\t\t\t\t<div class=\"idea-factory-modal-dialog \">\n\t\t\t\t    <div class=\"idea-factory-modal-content\">\n\t\t\t\t\t\t<button type=\"button\" class=\"close\" data-dismiss=\"idea-factory-modal\"><span aria-hidden=\"true\">&times;<\/span><\/button>\n\n\t\t\t\t    \t<div class=\"idea-factory-modal-header\">\n\t\t\t\t    \t\t<h3 class=\"idea-factory-modal-title\">Enviar idea<\/h3>\n\t\t\t\t    \t<\/div>\n\t\t\t\t    \t<div class=\"idea-factory-modal-body\">\n\n\t\t\t\t\t\t\t<div id=\"idea-factory--entry--form-results\"><\/div>\n\t\t\t\t\t\t\t<form id=\"idea-factory--entry--form\" method=\"post\" enctype=\"multipart\/form-data\">\n\n\t\t\t\t\t\t\t\t\n\t\t\t\t\t\t\t\t<label for=\"idea-title\">T\u00edtulo<\/label>\n\t\t\t\t\t\t\t\t<input id=\"idea-factory--entryform_title\" type=\"text\" name=\"idea-title\" value=\"\" placeholder=\"My Awesome Submission\">\n\n\t\t\t\t\t\t\t\t<label for=\"idea-description\">Descripci\u00f3n<\/label>\n\t\t\t\t\t\t\t\t<textarea id=\"idea-factory--entryform_description\" form=\"idea-factory--entry--form\" name=\"idea-description\" value=\"\" placeholder=\"Make the description meaningful!\"><\/textarea>\n\n\t\t\t\t\t\t\t\t\n\t\t\t\t\t\t\t\t<input type=\"hidden\" name=\"action\" value=\"process_entry\">\n\t\t\t\t\t\t\t\t<input type=\"hidden\" name=\"nonce\" value=\"ca703756cf\"\/>\n\n\t\t\t\t\t\t\t\t<div class=\"idea-factory-modal-footer\">\n\t\t\t\t\t\t\t\t\t<input class=\"idea-factory--button\" type=\"submit\" value=\"Enviar\">\n\t\t\t\t\t\t\t\t<\/div>\n\t\t\t\t\t\t\t<\/form>\n\n\t\t\t\t\t\t<\/div>\n\t\t\t\t\t<\/div>\n\t\t\t\t<\/div>\n\t\t\t<\/div>\n\n\t\t<\/div>\n\t\t\t\t<\/div>\n\t\t\t\t<\/div>\n\t\t\t\t\t<\/div>\n\t\t<\/div>\n\t\t\t\t\t<\/div>\n\t\t<\/section>\n\t\t\t\t<\/div>\n\t\t","protected":false},"excerpt":{"rendered":"","protected":false},"author":1,"featured_media":0,"parent":0,"menu_order":0,"comment_status":"closed","ping_status":"closed","template":"","meta":{"site-sidebar-layout":"default","site-content-layout":"default","ast-global-header-display":"","ast-main-header-display":"","ast-hfb-above-header-display":"","ast-hfb-below-header-display":"","ast-hfb-mobile-header-display":"","site-post-title":"","ast-breadcrumbs-content":"","ast-featured-img":"","footer-sml-layout":"","theme-transparent-header-meta":"default","adv-header-id-meta":"","stick-header-meta":"default","header-above-stick-meta":"","header-main-stick-meta":"","header-below-stick-meta":"","footnotes":""},"class_list":["post-4230","page","type-page","status-publish","hentry"],"_links":{"self":[{"href":"https:\/\/izarnet.org\/mikeldisenodigital\/wp-json\/wp\/v2\/pages\/4230","targetHints":{"allow":["GET"]}}],"collection":[{"href":"https:\/\/izarnet.org\/mikeldisenodigital\/wp-json\/wp\/v2\/pages"}],"about":[{"href":"https:\/\/izarnet.org\/mikeldisenodigital\/wp-json\/wp\/v2\/types\/page"}],"author":[{"embeddable":true,"href":"https:\/\/izarnet.org\/mikeldisenodigital\/wp-json\/wp\/v2\/users\/1"}],"replies":[{"embeddable":true,"href":"https:\/\/izarnet.org\/mikeldisenodigital\/wp-json\/wp\/v2\/comments?post=4230"}],"version-history":[{"count":11,"href":"https:\/\/izarnet.org\/mikeldisenodigital\/wp-json\/wp\/v2\/pages\/4230\/revisions"}],"predecessor-version":[{"id":4251,"href":"https:\/\/izarnet.org\/mikeldisenodigital\/wp-json\/wp\/v2\/pages\/4230\/revisions\/4251"}],"wp:attachment":[{"href":"https:\/\/izarnet.org\/mikeldisenodigital\/wp-json\/wp\/v2\/media?parent=4230"}],"curies":[{"name":"wp","href":"https:\/\/api.w.org\/{rel}","templated":true}]}}